{"id":1893,"date":"2020-11-26T16:24:47","date_gmt":"2020-11-26T15:24:47","guid":{"rendered":"http:\/\/toppet.fi\/?page_id=1893"},"modified":"2021-03-11T14:49:39","modified_gmt":"2021-03-11T13:49:39","slug":"meist","status":"publish","type":"page","link":"https:\/\/toppet.fi\/sv\/meist\/","title":{"rendered":"Av oss"},"content":{"rendered":"<p>Armastus loomade vastu sai minu puhul alguse juba lapseeas, kui elasin maal. Meil olid koerad, kassid ja lehmad, kes olid mulle t\u00f5eliselt kallid ja l\u00e4hedased. Lapsena olime seotud k\u00f5igi talut\u00f6\u00f6dega. Kevadel laotasime s\u00f5nnikut p\u00f5ldudele ja k\u00fclvasime teravilja, suvel korjasime saaki ja varusime talveks heina.<\/p>\n\n\n\n<p>Loodus ja loomad annavad meile r\u00f5\u00f5mu ja j\u00f5udu igasse p\u00e4eva. T\u00e4nases \u00fchiskonnas peame viima lapsed loodusesse ja \u00f5petama neid tundma meie imelist loomariiki.<\/p>\n\n\n\n<p>Oman \u00fcle 6 aasta kogemust kingituste ja meenete valmistamises. K\u00f5ik tooted valmistame personaalselt ja kvaliteetsetest materjalidest, l\u00e4htuvalt kliendi soovidest.<\/p>\n\n\n\n<p>Mul on r\u00f5\u00f5m olla teie teenistuses ja pakkuda teile ainulaadseid, ajatuid, kvaliteetseid ning tundek\u00fcllaseid kingitusi ja meeneid.<\/p>","protected":false},"excerpt":{"rendered":"<p>Armastus loomade vastu sai minu puhul alguse juba lapseeas, kui elasin maal. Meil olid koerad, kassid ja lehmad, kes olid mulle t\u00f5eliselt kallid ja l\u00e4hedased. Lapsena olime seotud k\u00f5igi talut\u00f6\u00f6dega. Kevadel laotasime s\u00f5nnikut p\u00f5ldudele ja k\u00fclvasime teravilja, suvel korjasime saaki ja varusime talveks heina. Loodus ja loomad annavad meile r\u00f5\u00f5mu ja j\u00f5udu igasse p\u00e4eva. T\u00e4nases &hellip;<\/p>\n<p class=\"read-more\"> <a class=\"\" href=\"https:\/\/toppet.fi\/sv\/meist\/\"> <span class=\"screen-reader-text\">Av oss<\/span> L\u00e4s mer &raquo;<\/a><\/p>","protected":false},"author":1,"featured_media":0,"parent":0,"menu_order":0,"comment_status":"closed","ping_status":"closed","template":"","meta":{"site-sidebar-layout":"default","site-content-layout":"default","ast-global-header-display":"","ast-banner-title-visibility":"","ast-main-header-display":"","ast-hfb-above-header-display":"","ast-hfb-below-header-display":"","ast-hfb-mobile-header-display":"","site-post-title":"","ast-breadcrumbs-content":"","ast-featured-img":"","footer-sml-layout":"","theme-transparent-header-meta":"default","adv-header-id-meta":"","stick-header-meta":"","header-above-stick-meta":"","header-main-stick-meta":"","header-below-stick-meta":"","footnotes":""},"_links":{"self":[{"href":"https:\/\/toppet.fi\/sv\/wp-json\/wp\/v2\/pages\/1893"}],"collection":[{"href":"https:\/\/toppet.fi\/sv\/wp-json\/wp\/v2\/pages"}],"about":[{"href":"https:\/\/toppet.fi\/sv\/wp-json\/wp\/v2\/types\/page"}],"author":[{"embeddable":true,"href":"https:\/\/toppet.fi\/sv\/wp-json\/wp\/v2\/users\/1"}],"replies":[{"embeddable":true,"href":"https:\/\/toppet.fi\/sv\/wp-json\/wp\/v2\/comments?post=1893"}],"version-history":[{"count":4,"href":"https:\/\/toppet.fi\/sv\/wp-json\/wp\/v2\/pages\/1893\/revisions"}],"predecessor-version":[{"id":2131,"href":"https:\/\/toppet.fi\/sv\/wp-json\/wp\/v2\/pages\/1893\/revisions\/2131"}],"wp:attachment":[{"href":"https:\/\/toppet.fi\/sv\/wp-json\/wp\/v2\/media?parent=1893"}],"curies":[{"name":"wp","href":"https:\/\/api.w.org\/{rel}","templated":true}]}}